{"id":11733,"date":"2019-07-17T12:13:55","date_gmt":"2019-07-17T10:13:55","guid":{"rendered":"https:\/\/www.higecomore.com\/privacy-policy\/"},"modified":"2023-06-05T09:39:50","modified_gmt":"2023-06-05T07:39:50","slug":"privacy-policy","status":"publish","type":"page","link":"https:\/\/fesm.it.netechlab.it\/en\/privacy-policy\/","title":{"rendered":"Privacy Policy"},"content":{"rendered":"<p>[vc_row][vc_column][vc_separator][\/vc_column][\/vc_row][vc_row][vc_column][vc_column_text]<\/p>\n<h4 style=\"text-align: center;\">INFORMATIVA PRIVACY CLIENTI E FORNITORI \u2013 ART.13 GDPR<\/h4>\n<p>[\/vc_column_text][vc_column_text]<strong>Si informano gli utenti:<\/strong><br \/>\nche i dati verranno trattati in accordo alle disposizioni legislative della normativa sopra richiamata e degli obblighi di riservatezza ivi previsti secondo i principi di correttezza, liceit\u00e0, trasparenza e di tutela della Sua riservatezza<\/p>\n<p><strong>Base giuridica<\/strong><br \/>\nL\u2019elaborazione dei dati del cliente si basa sul consenso fornito direttamente dallo stesso, e sulla necessaria elaborazione per consentire la conclusione del contratto di servizio e acconsentono al trattamento dei loro dati personali in relazione alle modalit\u00e0 e alle finalit\u00e0 di seguito descritte, compreso l\u2019eventuale diffusione a terzi se necessaria per l\u2019erogazione di un servizio.<br \/>\nArt. 6 comma 1) lett. a) l\u2019interessato ha espresso il consenso al trattamento dei propri dati personali per una o pi\u00f9 specifiche finalit\u00e0; b) il trattamento \u00e8 necessario all\u2019esecuzione di un contratto di cui l\u2019interessato \u00e8 parte o all\u2019esecuzione di misure precontrattuali adottate su richiesta dello stesso; f) il trattamento \u00e8 necessario per il perseguimento del legittimo interesse del titolare del trattamento o di terzi.<br \/>\nIl Titolare del Trattamento dei suoi dati personali \u00e8 FESM S.r.l. &#8211; Via Del Sole, 52 &#8211; 82030 Ponte (BN) \u2013 Italia, responsabile del legittimo e corretto uso dei suoi dati personali e che potr\u00e0 contattare per qualsiasi informazione o richiesta ai seguenti recapiti: dati di contatto: Tel: +39.0396899854 mail: info@fesm.it<br \/>\nIl Titolare del trattamento, ai sensi dell\u2019art. 37 GDPR ha nominato il suo legale rappresentante pro-tempore.<\/p>\n<p><strong>Finalit\u00e0 del Trattamento<\/strong><br \/>\n1.Dare seguito alle attivit\u00e0 di presales e di informazione commerciale richieste dal soggetto.<br \/>\n2.Gestire, concludere e dare esecuzione del rapporto contrattuale concordato, nonch\u00e9, degli eventuali dispositivi accessori richiesti, incluso ogni adempimento relativo ad obblighi fiscali e di contabilit\u00e0.<br \/>\n3.Gestire ed eseguire le richieste di contatto dell\u2019interessato, le richieste di fornitura dei servizi, nelle richieste di assistenza anche mediante comunicazione a terzi.<br \/>\n4.Dati derivanti da implicita trasmissione nell\u2019uso dei protocolli di comunicazione di Internet,<br \/>\n5.I dati potrebbero inoltre essere utilizzati per l\u2019accertamento di responsabilit\u00e0 in caso di ipotetici reati informatici ai danni della struttura informatica (legittimi interessi del titolare).<br \/>\n6.La FESM S.r.l. effettua la profilazione secondo le modalit\u00e0 e i limiti normativi, con invio di informazioni promozionali relative ai nostri servizi, informazioni di marketing, remarketing, pubblicit\u00e0 e altre informazioni che possono essere di tuo interesse in base alle preferenze espresse in sede di conferimento dei dati personali.<\/p>\n<p><strong>Ambito Territoriale<\/strong><br \/>\nIl Titolare informa che effettuer\u00e0 il trattamento dei dati conferiti, prevalentemente in via diretta o attraverso incarico ad altro soggetto comunque in ambito Europeo.<\/p>\n<p><strong>L\u2019Interessato<\/strong><br \/>\nai sensi dell\u2019articolo 15 del Regolamento EU 679\/2016 ha diritto di ottenere la conferma dell\u2019esistenza o meno di dati che la riguardano, ottenere l\u2019indicazione dell\u2019origine e delle finalit\u00e0 e modalit\u00e0 del trattamento, l\u2019aggiornamento, la rettificazione, l\u2019integrazione dei dati, la cancellazione dei dati trattati in violazione di legge e ha diritto di opporsi al trattamento per finalit\u00e0 di invio di materiale pubblicitario.<\/p>\n<p><strong>Esercizio dei diritti \u2013 Reclamo<\/strong><br \/>\n\u00c8 possibile esercitare ogni diritto descritto in questa sezione nei confronti del Titolare del trattamento, inviando un\u2019email a info@sportelloattivitaproduttive.it<br \/>\nTi ricordiamo che potremmo chiederti di verificare la tua identit\u00e0 prima di intraprendere ulteriori azioni in base alla tua richiesta. Per esercitare i diritti di cui all\u2019art. 15 del Regolamento EU 679\/2016 pu\u00f2 rivolgersi al Titolare scrivendo a: FESM S.r.l. &#8211; Via Del Sole, 52 &#8211; 82030 Ponte (BN) \u2013 Italia o inviando una mail a info@fesm.it<\/p>\n<p><strong>Accesso ai dati<\/strong><br \/>\nHai il diritto di richiedere copie di dati personali che ci hai fornito in un formato strutturato, comunemente usato e leggibile elettronicamente, e\/o richiederci di trasmettere tali informazioni a un altro fornitore di servizi (laddove tecnicamente fattibile).<\/p>\n<p><strong>Durata del Trattamento Conservazione<\/strong><br \/>\nIn generale, FESM S.r.l. conserva i tuoi dati personali brevi periodi di tempo, o per il tempo necessario all\u2019esecuzione del contratto stipulato.<br \/>\nPotremmo conservare alcuni dei tuoi dati personali nella misura necessaria ad assolvere ai nostri obblighi legali e fiscali nonch\u00e9 alla tutela dei nostri interessi contrattuali.<br \/>\nEccezionalmente potremmo conservare alcuni dei tuoi dati personali per lo svolgimento di attivit\u00e0 di indagine, come previsto dalla normativa.<br \/>\nDichiariamo che, trascorsi 24 mesi dal termine delle obbligazioni contrattuali o dalle attivit\u00e0 di presales e commerciali richieste, rimuoveremo i dati personali non diversamente necessari per normative cogenti.<\/p>\n<p>Ritiro del consenso e limitazione del trattamento dei dati personali.<br \/>\n\u00c8 possibile in qualsiasi momento revocare il consenso al trattamento dei dati personali inviandoci una comunicazione nella quale specifichi la volont\u00e0 di voler revocare il consenso, oppure procedere direttamente con la cancellazione ove previsto. La revoca del consenso non incide sulla legittimit\u00e0 di qualunque attivit\u00e0 di trattamento basata su di esso prima della sua revoca.[\/vc_column_text][\/vc_column][\/vc_row]<\/p>\n","protected":false},"excerpt":{"rendered":"<p>[vc_row][vc_column][vc_separator][\/vc_column][\/vc_row][vc_row][vc_column][vc_column_text] INFORMATIVA PRIVACY CLIENTI E FORNITORI \u2013 ART.13 GDPR [\/vc_column_text][vc_column_text]Si informano gli utenti: che i dati verranno trattati in accordo alle disposizioni legislative della normativa sopra richiamata e degli obblighi di riservatezza ivi previsti secondo i principi di correttezza, liceit\u00e0, trasparenza e di tutela della Sua riservatezza Base giuridica L\u2019elaborazione dei dati del cliente si [&hellip;]<\/p>\n","protected":false},"author":1,"featured_media":0,"parent":0,"menu_order":0,"comment_status":"closed","ping_status":"open","template":"","meta":[],"acf":[],"_links":{"self":[{"href":"https:\/\/fesm.it.netechlab.it\/en\/wp-json\/wp\/v2\/pages\/11733"}],"collection":[{"href":"https:\/\/fesm.it.netechlab.it\/en\/wp-json\/wp\/v2\/pages"}],"about":[{"href":"https:\/\/fesm.it.netechlab.it\/en\/wp-json\/wp\/v2\/types\/page"}],"author":[{"embeddable":true,"href":"https:\/\/fesm.it.netechlab.it\/en\/wp-json\/wp\/v2\/users\/1"}],"replies":[{"embeddable":true,"href":"https:\/\/fesm.it.netechlab.it\/en\/wp-json\/wp\/v2\/comments?post=11733"}],"version-history":[{"count":12,"href":"https:\/\/fesm.it.netechlab.it\/en\/wp-json\/wp\/v2\/pages\/11733\/revisions"}],"predecessor-version":[{"id":13270,"href":"https:\/\/fesm.it.netechlab.it\/en\/wp-json\/wp\/v2\/pages\/11733\/revisions\/13270"}],"wp:attachment":[{"href":"https:\/\/fesm.it.netechlab.it\/en\/wp-json\/wp\/v2\/media?parent=11733"}],"curies":[{"name":"wp","href":"https:\/\/api.w.org\/{rel}","templated":true}]}}